{"id":80,"date":"2018-05-08T07:42:28","date_gmt":"2018-05-08T05:42:28","guid":{"rendered":"http:\/\/ottar.edge-themes.com\/?page_id=80"},"modified":"2026-03-16T12:18:53","modified_gmt":"2026-03-16T11:18:53","slug":"demarche","status":"publish","type":"page","link":"https:\/\/dore-scalabre.com\/index.php\/demarche\/","title":{"rendered":"d\u00e9marche"},"content":{"rendered":"<p>[vc_row row_content_width=\u00a0\u00bbgrid\u00a0\u00bb css=\u00a0\u00bb.vc_custom_1527148185770{padding-top: 59px !important;padding-bottom: 135px !important;}\u00a0\u00bb][vc_column]<div class=\"edgtf-elements-holder   edgtf-one-column  edgtf-responsive-mode-768 \" ><div class=\"edgtf-eh-item    \"  data-item-class=\"edgtf-eh-custom-9748\" data-1367-1600=\"0px 41% 0px 0px\" data-1025-1366=\"0px 32% 0px 0px\" data-769-1024=\"0px 25% 0px 0px\" data-681-768=\"0px 0 0px 0px\" data-680=\"0px 0px 0px 0px\">\n    <div class=\"edgtf-eh-item-inner\">\n        <div class=\"edgtf-eh-item-content edgtf-eh-custom-9748\" style=\"padding: 0px 42% 0px 0px\">\n            [vc_column_text]<\/p>\n<h1>Comprendre. Concevoir. Construire.<\/h1>\n<p>[\/vc_column_text]        <\/div>\n    <\/div>\n<\/div><\/div>[\/vc_column][\/vc_row][vc_row row_content_width=\u00a0\u00bbgrid\u00a0\u00bb][vc_column]<div class=\"edgtf-single-image-holder   \">\n    <div class=\"edgtf-si-inner\" >\n                                            <img loading=\"lazy\" decoding=\"async\" width=\"1024\" height=\"682\" src=\"https:\/\/dore-scalabre.com\/wp-content\/uploads\/2026\/03\/IMG_8337-1024x682.jpg\" class=\"attachment-large size-large\" alt=\"\" srcset=\"https:\/\/dore-scalabre.com\/wp-content\/uploads\/2026\/03\/IMG_8337-1024x682.jpg 1024w, https:\/\/dore-scalabre.com\/wp-content\/uploads\/2026\/03\/IMG_8337-300x200.jpg 300w, https:\/\/dore-scalabre.com\/wp-content\/uploads\/2026\/03\/IMG_8337-768x512.jpg 768w, https:\/\/dore-scalabre.com\/wp-content\/uploads\/2026\/03\/IMG_8337-1536x1024.jpg 1536w, https:\/\/dore-scalabre.com\/wp-content\/uploads\/2026\/03\/IMG_8337-600x400.jpg 600w\" sizes=\"auto, (max-width: 1024px) 100vw, 1024px\" \/>                                    <\/div>\n<\/div>[\/vc_column][\/vc_row][vc_row row_content_width=\u00a0\u00bbgrid\u00a0\u00bb css=\u00a0\u00bb.vc_custom_1526461245354{padding-top: 63px !important;padding-bottom: 92px !important;}\u00a0\u00bb][vc_column offset=\u00a0\u00bbvc_col-lg-4 vc_col-md-12&Prime;]<div class=\"edgtf-elements-holder   edgtf-one-column  edgtf-responsive-mode-768 \" ><div class=\"edgtf-eh-item    \"  data-item-class=\"edgtf-eh-custom-3832\" data-1367-1600=\"0px 16px 0px 0px\" data-1025-1366=\"0 0\" data-769-1024=\"0px 0px 0px 0px\" data-681-768=\"0px 0px 0px 0px\" data-680=\"0px 0px 0px 0px\">\n    <div class=\"edgtf-eh-item-inner\">\n        <div class=\"edgtf-eh-item-content edgtf-eh-custom-3832\" style=\"padding: 0px 16px 0px 0px\">\n            [vc_column_text]<\/p>\n<h5>Agence<\/h5>\n<p>[\/vc_column_text][vc_empty_space height=\u00a0\u00bb8px\u00a0\u00bb][vc_column_text]<\/p>\n<p class=\"p1\"><span class=\"s1\">1993<br \/>\nClaire Dor\u00e9 et Jean-Paul Scalabre s\u2019associent.<\/span><\/p>\n<p class=\"p1\"><span class=\"s1\">2019<br \/>\nAntoine Scalabre rejoint l\u2019agence.<\/span><\/p>\n<p class=\"p1\"><span class=\"s1\">2022<br \/>\nL\u2019agence se transforme et devient<br \/>\n<\/span><span class=\"s1\">DOR\u00c9-SCALABRE ARCHITECTES<br \/>\nAntoine Scalabre en prend la direction.<\/span><\/p>\n<p class=\"p1\"><span class=\"s1\">***<\/span><\/p>\n<p class=\"p1\"><span class=\"s1\">Nous concevons notre m\u00e9tier comme le fruit d\u2019un \u00e9quilibre entre savoir intellectuel, savoir-faire de conception et exp\u00e9rience constructive. Selon nous, la pratique de l\u2019architecture s\u2019apparente \u00e0 un artisanat, devant n\u00e9cessairement int\u00e9grer ma\u00eetrise technique et exp\u00e9rience du chantier.<\/span><\/p>\n<p class=\"p1\">Nous abordons chaque situation de projet de mani\u00e8re sp\u00e9cifique, en bonne intelligence avec les besoins et les attentes de nos ma\u00eetres d\u2019ouvrage, que nous accompagnons et conseillons tout au long du processus qui m\u00e8ne des premi\u00e8res esquisses au chantier. L\u2019architecture est toujours une \u0153uvre collective.<\/p>\n<p class=\"p1\"><span class=\"s1\">L\u2019\u00e9laboration du projet est un processus de d\u00e9finition progressive qui suit trois mouvements successifs\u2009: comprendre, concevoir, construire.<\/span><\/p>\n<p>[\/vc_column_text][vc_empty_space height=\u00a0\u00bb50px\u00a0\u00bb]        <\/div>\n    <\/div>\n<\/div><\/div>[\/vc_column][vc_column offset=\u00a0\u00bbvc_col-lg-4 vc_col-md-12&Prime;]<div class=\"edgtf-elements-holder   edgtf-one-column  edgtf-responsive-mode-768 \" ><div class=\"edgtf-eh-item    \"  data-item-class=\"edgtf-eh-custom-4860\" data-1025-1366=\"0px 0px 0px 65px\" data-769-1024=\"0px 0px 0px 0px\" data-681-768=\"0px 0px 0px 0px\" data-680=\"0px 0px 0px 0px\">\n    <div class=\"edgtf-eh-item-inner\">\n        <div class=\"edgtf-eh-item-content edgtf-eh-custom-4860\" style=\"padding: 0px 0px 0px 87px\">\n            [vc_column_text]<\/p>\n<h5>D\u00e9marche<\/h5>\n<p>[\/vc_column_text][vc_empty_space height=\u00a0\u00bb8px\u00a0\u00bb][vc_column_text]<\/p>\n<p class=\"p1\"><span class=\"s1\"><b>Comprendre<\/b><\/span><span class=\"s2\"><b>.<\/b> C\u2019est \u00e0 dire analyser et traduire le contexte d\u2019un site, sa topographie, son histoire et ses usages, au regard du programme et de ses \u00e9volutions probables. L\u2019enjeu\u2009: d\u00e9finir un parti architectural pertinent et clairement formul\u00e9.<\/span><\/p>\n<p class=\"p1\"><span class=\"s1\"><b>Concevoir<\/b><\/span><span class=\"s2\"><b>. <\/b>C\u2019est la mise \u00e0 l\u2019\u00e9preuve des intentions avec le r\u00e9el\u2009: les donn\u00e9es techniques, fonctionnelles, budg\u00e9taires, etc. La mise en forme du projet int\u00e8gre l\u2019addition des contraintes, et les sublime en une r\u00e9ponse architecturale r\u00e9fl\u00e9chie et ma\u00eetris\u00e9e, qui int\u00e8gre lumi\u00e8re, forme et mati\u00e8re.<\/span><\/p>\n<p class=\"p1\"><span class=\"s1\"><b>Construire. <\/b><\/span><span class=\"s2\">L\u2019architecte est un rouage essentiel du chantier, porteur de la m\u00e9moire du projet, connaisseur de ses moindres d\u00e9tails, garant de la conformit\u00e9 de l\u2019ex\u00e9cution. Chaque projet est un prototype, aussi faut-il \u00eatre pr\u00e9par\u00e9 \u00e0 l\u2019impr\u00e9vu, trouver avec les intervenants les solutions les mieux adapt\u00e9es tout en ma\u00eetrisant les co\u00fbts.<\/span><\/p>\n<p>[\/vc_column_text][vc_empty_space height=\u00a0\u00bb50px\u00a0\u00bb]        <\/div>\n    <\/div>\n<\/div><\/div>[\/vc_column][vc_column offset=\u00a0\u00bbvc_col-lg-4 vc_col-md-12&Prime;]<div class=\"edgtf-elements-holder   edgtf-one-column  edgtf-responsive-mode-768 \" ><div class=\"edgtf-eh-item    \"  data-item-class=\"edgtf-eh-custom-1999\" data-1367-1600=\"0px 80px 0px 100px\" data-1025-1366=\"0px 80px 0px 100px\" data-769-1024=\"0px 0px 0px 0px\" data-681-768=\"0px 0px 0px 0px\" data-680=\"0px 0px 0px 0px\">\n    <div class=\"edgtf-eh-item-inner\">\n        <div class=\"edgtf-eh-item-content edgtf-eh-custom-1999\" style=\"padding: 0px 100px 0px 120px\">\n            [vc_column_text]<\/p>\n<h5>Ma\u00eetres d&rsquo;ouvrage<\/h5>\n<p>[\/vc_column_text][vc_empty_space height=\u00a0\u00bb8px\u00a0\u00bb][vc_column_text]Enedis<\/p>\n<p>Paris Habitat<\/p>\n<p>Elogie Siemp<\/p>\n<p>I3F<\/p>\n<p>RTE<\/p>\n<p>Les R\u00e9sidences Yvelines Essone<\/p>\n<p>Harmonie habitat<\/p>\n<p>IDF Habitat<\/p>\n<p>. . .[\/vc_column_text][vc_empty_space height=\u00a0\u00bb50px\u00a0\u00bb]        <\/div>\n    <\/div>\n<\/div><\/div>[\/vc_column][\/vc_row][vc_row row_content_width=\u00a0\u00bbgrid\u00a0\u00bb][vc_column width=\u00a0\u00bb1\/2&Prime;]<div class=\"edgtf-single-image-holder   \">\n    <div class=\"edgtf-si-inner\" >\n                                            <img loading=\"lazy\" decoding=\"async\" width=\"1024\" height=\"538\" src=\"https:\/\/dore-scalabre.com\/wp-content\/uploads\/2019\/12\/BIM-fil-de-fer-2-1024x538.jpg\" class=\"attachment-large size-large\" alt=\"\" srcset=\"https:\/\/dore-scalabre.com\/wp-content\/uploads\/2019\/12\/BIM-fil-de-fer-2-1024x538.jpg 1024w, https:\/\/dore-scalabre.com\/wp-content\/uploads\/2019\/12\/BIM-fil-de-fer-2-300x158.jpg 300w, https:\/\/dore-scalabre.com\/wp-content\/uploads\/2019\/12\/BIM-fil-de-fer-2-768x404.jpg 768w, https:\/\/dore-scalabre.com\/wp-content\/uploads\/2019\/12\/BIM-fil-de-fer-2-600x315.jpg 600w\" sizes=\"auto, (max-width: 1024px) 100vw, 1024px\" \/>                                    <\/div>\n<\/div>[\/vc_column][vc_column width=\u00a0\u00bb1\/2&Prime;]<div class=\"edgtf-single-image-holder   \">\n    <div class=\"edgtf-si-inner\" >\n                                            <img loading=\"lazy\" decoding=\"async\" width=\"2000\" height=\"1096\" src=\"https:\/\/dore-scalabre.com\/wp-content\/uploads\/2019\/12\/BIM-lgt-03-e1576779508611.png\" class=\"attachment-full size-full\" alt=\"\" \/>                                    <\/div>\n<\/div>[\/vc_column][\/vc_row][vc_row row_content_width=\u00a0\u00bbgrid\u00a0\u00bb css=\u00a0\u00bb.vc_custom_1526461413354{padding-top: 78px !important;padding-bottom: 132px !important;}\u00a0\u00bb][vc_column offset=\u00a0\u00bbvc_col-lg-6 vc_col-md-12&Prime;]<div class=\"edgtf-elements-holder   edgtf-one-column  edgtf-responsive-mode-768 \" ><div class=\"edgtf-eh-item    \"  data-item-class=\"edgtf-eh-custom-1429\" data-1025-1366=\"29px 11px 0 0px\">\n    <div class=\"edgtf-eh-item-inner\">\n        <div class=\"edgtf-eh-item-content edgtf-eh-custom-1429\" style=\"padding: 31px 13px 0 0px\">\n            <div class=\"edgtf-section-title-holder  edgtf-st-standard edgtf-st-title-left edgtf-st-normal-space edgtf-st-disable-title-break\" >\n    <div class=\"edgtf-st-inner\">\n                <h1 class=\"edgtf-st-title\" >\n        D\u00e9marche BIM    <\/h1>\n            <p class=\"edgtf-st-text\" style=\"margin-top: 30px\">\n    L\u2019agence poss\u00e8de une solide culture de la conception architecturale en BIM collaboratif (Archicad). L\u2019ensemble des collaborateurs architectes est form\u00e9 \u00e0 la conception BIM niveau 2, ce qui signifie qu\u2019ils contribuent \u00e0 plusieurs et simultan\u00e9ment sur une m\u00eame maquette num\u00e9rique.<\/p>\n<\/div>\n<\/div>[vc_empty_space height=\u00a0\u00bb50px\u00a0\u00bb]        <\/div>\n    <\/div>\n<\/div><\/div>[\/vc_column][vc_column offset=\u00a0\u00bbvc_col-lg-6 vc_col-md-12&Prime;]<div class=\"edgtf-elements-holder   edgtf-one-column  edgtf-responsive-mode-768 \" ><div class=\"edgtf-eh-item    \"  data-item-class=\"edgtf-eh-custom-2899\" data-769-1024=\"0 0\" data-681-768=\"0 0\" data-680=\"0 0\">\n    <div class=\"edgtf-eh-item-inner\">\n        <div class=\"edgtf-eh-item-content edgtf-eh-custom-2899\" style=\"padding: 0px 0 0 15px\">\n            <div class=\"edgtf-progress-bar \">\n\n    <h6 class=\"edgtf-pb-title-holder\" >\n    <span class=\"edgtf-pb-title\">\n        R\u00e9habilitation de logements    <\/span>\n    <span class=\"edgtf-pb-percent\"><span>0<\/span><\/span>\n    <\/h6>\n\n    <div class=\"edgtf-pb-content-holder\" >\n        <div data-percentage=50 class=\"edgtf-pb-content\" ><\/div>\n    <\/div>\n\n<\/div><div class=\"edgtf-progress-bar \">\n\n    <h6 class=\"edgtf-pb-title-holder\" >\n    <span class=\"edgtf-pb-title\">\n        Industrie \/ \u00e9quipement technique    <\/span>\n    <span class=\"edgtf-pb-percent\"><span>0<\/span><\/span>\n    <\/h6>\n\n    <div class=\"edgtf-pb-content-holder\" >\n        <div data-percentage=50 class=\"edgtf-pb-content\" ><\/div>\n    <\/div>\n\n<\/div>        <\/div>\n    <\/div>\n<\/div><\/div>[\/vc_column][\/vc_row]<\/p>\n","protected":false},"excerpt":{"rendered":"<p>[vc_row row_content_width=\u00a0\u00bbgrid\u00a0\u00bb css=\u00a0\u00bb.vc_custom_1527148185770{padding-top: 59px !important;padding-bottom: 135px !important;}\u00a0\u00bb][vc_column][\/vc_column][\/vc_row][vc_row row_content_width=\u00a0\u00bbgrid\u00a0\u00bb][vc_column][\/vc_column][\/vc_row][vc_row row_content_width=\u00a0\u00bbgrid\u00a0\u00bb css=\u00a0\u00bb.vc_custom_1526461245354{padding-top: 63px !important;padding-bottom: 92px !important;}\u00a0\u00bb][vc_column offset=\u00a0\u00bbvc_col-lg-4 vc_col-md-12&Prime;][\/vc_column][vc_column offset=\u00a0\u00bbvc_col-lg-4 vc_col-md-12&Prime;][\/vc_column][vc_column offset=\u00a0\u00bbvc_col-lg-4 vc_col-md-12&Prime;][\/vc_column][\/vc_row][vc_row row_content_width=\u00a0\u00bbgrid\u00a0\u00bb][vc_column width=\u00a0\u00bb1\/2&Prime;][\/vc_column][vc_column width=\u00a0\u00bb1\/2&Prime;][\/vc_column][\/vc_row][vc_row row_content_width=\u00a0\u00bbgrid\u00a0\u00bb css=\u00a0\u00bb.vc_custom_1526461413354{padding-top: 78px !important;padding-bottom: 132px !important;}\u00a0\u00bb][vc_column offset=\u00a0\u00bbvc_col-lg-6 vc_col-md-12&Prime;][\/vc_column][vc_column offset=\u00a0\u00bbvc_col-lg-6 vc_col-md-12&Prime;][\/vc_column][\/vc_row]<\/p>\n","protected":false},"author":1,"featured_media":0,"parent":0,"menu_order":0,"comment_status":"closed","ping_status":"closed","template":"full-width.php","meta":{"footnotes":""},"class_list":["post-80","page","type-page","status-publish","hentry"],"_links":{"self":[{"href":"https:\/\/dore-scalabre.com\/index.php\/wp-json\/wp\/v2\/pages\/80","targetHints":{"allow":["GET"]}}],"collection":[{"href":"https:\/\/dore-scalabre.com\/index.php\/wp-json\/wp\/v2\/pages"}],"about":[{"href":"https:\/\/dore-scalabre.com\/index.php\/wp-json\/wp\/v2\/types\/page"}],"author":[{"embeddable":true,"href":"https:\/\/dore-scalabre.com\/index.php\/wp-json\/wp\/v2\/users\/1"}],"replies":[{"embeddable":true,"href":"https:\/\/dore-scalabre.com\/index.php\/wp-json\/wp\/v2\/comments?post=80"}],"version-history":[{"count":18,"href":"https:\/\/dore-scalabre.com\/index.php\/wp-json\/wp\/v2\/pages\/80\/revisions"}],"predecessor-version":[{"id":3913,"href":"https:\/\/dore-scalabre.com\/index.php\/wp-json\/wp\/v2\/pages\/80\/revisions\/3913"}],"wp:attachment":[{"href":"https:\/\/dore-scalabre.com\/index.php\/wp-json\/wp\/v2\/media?parent=80"}],"curies":[{"name":"wp","href":"https:\/\/api.w.org\/{rel}","templated":true}]}}